{"id":3307,"date":"2019-09-30T17:25:11","date_gmt":"2019-09-30T15:25:11","guid":{"rendered":"https:\/\/www.residence-capriona.com\/rechtliche-hinweise"},"modified":"2025-04-14T12:02:27","modified_gmt":"2025-04-14T10:02:27","slug":"rechtliche-hinweise","status":"publish","type":"page","link":"https:\/\/www.residence-capriona.com\/de\/rechtliche-hinweise\/","title":{"rendered":"Rechtliche Hinweise"},"content":{"rendered":"\t\t<div data-elementor-type=\"wp-page\" data-elementor-id=\"3307\" class=\"elementor elementor-3307 elementor-47\" data-elementor-post-type=\"page\">\n\t\t\t\t\t\t<section class=\"elementor-section elementor-top-section elementor-element elementor-element-529e8841 elementor-section-height-min-height elementor-section-boxed elementor-section-height-default elementor-section-items-middle\" data-id=\"529e8841\" data-element_type=\"section\" data-e-type=\"section\" data-settings=\"{&quot;background_background&quot;:&quot;classic&quot;,&quot;background_motion_fx_motion_fx_scrolling&quot;:&quot;yes&quot;,&quot;background_motion_fx_translateY_effect&quot;:&quot;yes&quot;,&quot;background_motion_fx_translateY_speed&quot;:{&quot;unit&quot;:&quot;px&quot;,&quot;size&quot;:3,&quot;sizes&quot;:[]},&quot;background_motion_fx_translateY_affectedRange&quot;:{&quot;unit&quot;:&quot;%&quot;,&quot;size&quot;:&quot;&quot;,&quot;sizes&quot;:{&quot;start&quot;:0,&quot;end&quot;:100}},&quot;background_motion_fx_devices&quot;:[&quot;widescreen&quot;,&quot;desktop&quot;,&quot;laptop&quot;,&quot;tablet_extra&quot;,&quot;tablet&quot;,&quot;mobile_extra&quot;,&quot;mobile&quot;]}\">\n\t\t\t\t\t\t\t<div class=\"elementor-background-overlay\"><\/div>\n\t\t\t\t\t\t\t<div class=\"elementor-container elementor-column-gap-default\">\n\t\t\t\t\t<div class=\"elementor-column elementor-col-100 elementor-top-column elementor-element elementor-element-680658c2\" data-id=\"680658c2\" data-element_type=\"column\" data-e-type=\"column\" data-settings=\"{&quot;background_background&quot;:&quot;classic&quot;}\">\n\t\t\t<div class=\"elementor-widget-wrap elementor-element-populated\">\n\t\t\t\t\t\t<div class=\"elementor-element elementor-element-0f612fb elementor-widget elementor-widget-heading\" data-id=\"0f612fb\" data-element_type=\"widget\" data-e-type=\"widget\" data-widget_type=\"heading.default\">\n\t\t\t\t<div class=\"elementor-widget-container\">\n\t\t\t\t\t<h1 class=\"elementor-heading-title elementor-size-default\">Rechtliche Hinweise<\/h1>\t\t\t\t<\/div>\n\t\t\t\t<\/div>\n\t\t\t\t\t<\/div>\n\t\t<\/div>\n\t\t\t\t\t<\/div>\n\t\t<\/section>\n\t\t\t\t<section class=\"elementor-section elementor-top-section elementor-element elementor-element-48cac62a elementor-section-boxed elementor-section-height-default elementor-section-height-default\" data-id=\"48cac62a\" data-element_type=\"section\" data-e-type=\"section\">\n\t\t\t\t\t\t<div class=\"elementor-container elementor-column-gap-default\">\n\t\t\t\t\t<div class=\"elementor-column elementor-col-100 elementor-top-column elementor-element elementor-element-28dfd813\" data-id=\"28dfd813\" data-element_type=\"column\" data-e-type=\"column\" data-settings=\"{&quot;background_background&quot;:&quot;classic&quot;}\">\n\t\t\t<div class=\"elementor-widget-wrap elementor-element-populated\">\n\t\t\t\t\t\t<div class=\"elementor-element elementor-element-caadeac elementor-widget elementor-widget-text-editor\" data-id=\"caadeac\" data-element_type=\"widget\" data-e-type=\"widget\" data-widget_type=\"text-editor.default\">\n\t\t\t\t<div class=\"elementor-widget-container\">\n\t\t\t\t\t\t\t\t\t<p>Die Website residence-capriona.com wird von SARL DOLOREAL herausgegeben.<\/p><h2>Herausgeber<\/h2><p>SARL DOLOREAL<br>RCS de AJACCIO sous le SIREN 793 583 782<br>Sitz der Gesellschaft: Plage de Porto Pollo &#8211; 20140 Serra di Ferro<br>Tel: <a href=\"tel:+33784403862\" rel=\"nofollow\">+33 (0)7 84 40 38 62<\/a><br>Email: <a href=\"mailto:contact@residence-capriona.com\">contact@residence-capriona.com<\/a><\/p><p>Leiter der Ver\u00f6ffentlichung: Alexandre Reynaud<\/p><h2>Unterkunft<\/h2><p>OVH<br>SAS mit einem Kapital von 10 069 020 \u20ac<br>RCS Lille M\u00e9tropole 424 761 419 00045<br>Code APE 2620Z<br>MwSt.-Nr.: FR 22 424 761 419<br>Eingetragener Sitz: 2 rue Kellermann &#8211; 59100 Roubaix<\/p><p>OVH SAS ist eine Tochtergesellschaft der OVH Groupe SAS, einer im Handelsregister von Lille unter der Nummer 537 407 926 eingetragenen Gesellschaft mit Sitz in 2, rue Kellermann, 59100 Roubaix.<\/p><h2>Kredite<\/h2><p>Design, Realisierung der Internetseite: <a title=\"COM1BOUTIK - Erstellung von Buchungswebsites f\u00fcr Hotels und Vermietungen\" href=\"https:\/\/www.com1boutik.com\/\" target=\"_blank\" rel=\"noopener noreferrer nofollow\">Agence COM1BOUTIK &#8211; Ajaccio<\/a><\/p><h2>Pers\u00f6nliche Daten<\/h2><p>Im Allgemeinen k\u00f6nnen Sie unsere Website \u00fcber das Internet besuchen, ohne Ihre Identit\u00e4t zu offenbaren und pers\u00f6nliche Informationen \u00fcber sich selbst anzugeben. Manchmal kann es jedoch vorkommen, dass wir Sie um Informationen bitten. Zum Beispiel, um eine Buchung zu registrieren oder uns eine Nachricht \u00fcber unser Kontaktformular zu \u00fcbermitteln.<\/p><p>Weitere Informationen finden Sie in unserer <a href=\"https:\/\/www.residence-capriona.com\/de\/datenschutzrichtlinie\/\">Datenschutzrichtlinie<\/a>.<\/p>\t\t\t\t\t\t\t\t<\/div>\n\t\t\t\t<\/div>\n\t\t\t\t\t<\/div>\n\t\t<\/div>\n\t\t\t\t\t<\/div>\n\t\t<\/section>\n\t\t\t\t<\/div>\n\t\t","protected":false},"excerpt":{"rendered":"<p>Die Website residence-capriona.com wird von SARL DOLOREAL herausgegeben. Herausgeber SARL DOLOREALRCS de AJACCIO sous le SIREN 793 583 782Sitz der Gesellschaft: Plage de Porto Pollo &#8211; 20140 Serra di FerroTel: +33 (0)7 84 40 38 62Email: contact@residence-capriona.com Leiter der Ver\u00f6ffentlichung: Alexandre Reynaud Unterkunft OVHSAS mit einem Kapital von 10 069 020 \u20acRCS Lille M\u00e9tropole 424 [&hellip;]<\/p>\n","protected":false},"author":2,"featured_media":2697,"parent":0,"menu_order":6,"comment_status":"closed","ping_status":"closed","template":"","meta":{"footnotes":""},"class_list":["post-3307","page","type-page","status-publish","has-post-thumbnail","hentry"],"_links":{"self":[{"href":"https:\/\/www.residence-capriona.com\/de\/wp-json\/wp\/v2\/pages\/3307","targetHints":{"allow":["GET"]}}],"collection":[{"href":"https:\/\/www.residence-capriona.com\/de\/wp-json\/wp\/v2\/pages"}],"about":[{"href":"https:\/\/www.residence-capriona.com\/de\/wp-json\/wp\/v2\/types\/page"}],"author":[{"embeddable":true,"href":"https:\/\/www.residence-capriona.com\/de\/wp-json\/wp\/v2\/users\/2"}],"replies":[{"embeddable":true,"href":"https:\/\/www.residence-capriona.com\/de\/wp-json\/wp\/v2\/comments?post=3307"}],"version-history":[{"count":0,"href":"https:\/\/www.residence-capriona.com\/de\/wp-json\/wp\/v2\/pages\/3307\/revisions"}],"wp:featuredmedia":[{"embeddable":true,"href":"https:\/\/www.residence-capriona.com\/de\/wp-json\/wp\/v2\/media\/2697"}],"wp:attachment":[{"href":"https:\/\/www.residence-capriona.com\/de\/wp-json\/wp\/v2\/media?parent=3307"}],"curies":[{"name":"wp","href":"https:\/\/api.w.org\/{rel}","templated":true}]}}