{"id":3331,"date":"2019-09-30T17:26:37","date_gmt":"2019-09-30T15:26:37","guid":{"rendered":"https:\/\/www.residence-capriona.com\/datenschutzrichtlinie"},"modified":"2024-04-23T16:25:28","modified_gmt":"2024-04-23T14:25:28","slug":"datenschutzrichtlinie","status":"publish","type":"page","link":"https:\/\/www.residence-capriona.com\/de\/datenschutzrichtlinie\/","title":{"rendered":"Datenschutzrichtlinie"},"content":{"rendered":"\t\t<div data-elementor-type=\"wp-page\" data-elementor-id=\"3331\" class=\"elementor elementor-3331 elementor-51\" data-elementor-post-type=\"page\">\n\t\t\t\t\t\t<section class=\"elementor-section elementor-top-section elementor-element elementor-element-408a81ad elementor-section-height-min-height elementor-section-boxed elementor-section-height-default elementor-section-items-middle\" data-id=\"408a81ad\" data-element_type=\"section\" data-e-type=\"section\" data-settings=\"{&quot;background_background&quot;:&quot;classic&quot;,&quot;background_motion_fx_motion_fx_scrolling&quot;:&quot;yes&quot;,&quot;background_motion_fx_translateY_effect&quot;:&quot;yes&quot;,&quot;background_motion_fx_translateY_speed&quot;:{&quot;unit&quot;:&quot;px&quot;,&quot;size&quot;:3,&quot;sizes&quot;:[]},&quot;background_motion_fx_translateY_affectedRange&quot;:{&quot;unit&quot;:&quot;%&quot;,&quot;size&quot;:&quot;&quot;,&quot;sizes&quot;:{&quot;start&quot;:0,&quot;end&quot;:100}},&quot;background_motion_fx_devices&quot;:[&quot;widescreen&quot;,&quot;desktop&quot;,&quot;laptop&quot;,&quot;tablet_extra&quot;,&quot;tablet&quot;,&quot;mobile_extra&quot;,&quot;mobile&quot;]}\">\n\t\t\t\t\t\t\t<div class=\"elementor-background-overlay\"><\/div>\n\t\t\t\t\t\t\t<div class=\"elementor-container elementor-column-gap-default\">\n\t\t\t\t\t<div class=\"elementor-column elementor-col-100 elementor-top-column elementor-element elementor-element-16a3c698\" data-id=\"16a3c698\" data-element_type=\"column\" data-e-type=\"column\" data-settings=\"{&quot;background_background&quot;:&quot;classic&quot;}\">\n\t\t\t<div class=\"elementor-widget-wrap elementor-element-populated\">\n\t\t\t\t\t\t<div class=\"elementor-element elementor-element-6ed32fa elementor-widget elementor-widget-heading\" data-id=\"6ed32fa\" data-element_type=\"widget\" data-e-type=\"widget\" data-widget_type=\"heading.default\">\n\t\t\t\t<div class=\"elementor-widget-container\">\n\t\t\t\t\t<h1 class=\"elementor-heading-title elementor-size-default\">Datenschutzrichtlinie<\/h1>\t\t\t\t<\/div>\n\t\t\t\t<\/div>\n\t\t\t\t\t<\/div>\n\t\t<\/div>\n\t\t\t\t\t<\/div>\n\t\t<\/section>\n\t\t\t\t<section class=\"elementor-section elementor-top-section elementor-element elementor-element-3922bf66 elementor-section-boxed elementor-section-height-default elementor-section-height-default\" data-id=\"3922bf66\" data-element_type=\"section\" data-e-type=\"section\">\n\t\t\t\t\t\t<div class=\"elementor-container elementor-column-gap-default\">\n\t\t\t\t\t<div class=\"elementor-column elementor-col-100 elementor-top-column elementor-element elementor-element-720ba192\" data-id=\"720ba192\" data-element_type=\"column\" data-e-type=\"column\" data-settings=\"{&quot;background_background&quot;:&quot;classic&quot;}\">\n\t\t\t<div class=\"elementor-widget-wrap elementor-element-populated\">\n\t\t\t\t\t\t<div class=\"elementor-element elementor-element-84ef0ac elementor-align-center elementor-tablet-align-center elementor-widget elementor-widget-global elementor-global-3377 elementor-global-915 elementor-widget-breadcrumbs\" data-id=\"84ef0ac\" data-element_type=\"widget\" data-e-type=\"widget\" data-widget_type=\"breadcrumbs.default\">\n\t\t\t\t<div class=\"elementor-widget-container\">\n\t\t\t\t\t<nav><span class=\"last\">R\u00e9sidence CAPRIONA<\/span><\/nav>\t\t\t\t<\/div>\n\t\t\t\t<\/div>\n\t\t\t\t<div class=\"elementor-element elementor-element-5a2c007 elementor-widget elementor-widget-text-editor\" data-id=\"5a2c007\" data-element_type=\"widget\" data-e-type=\"widget\" data-widget_type=\"text-editor.default\">\n\t\t\t\t<div class=\"elementor-widget-container\">\n\t\t\t\t\t\t\t\t\t<h2>Verwendung der gesammelten pers\u00f6nlichen Daten<\/h2>\n<h3>Kontaktformulare<\/h3>\n<p>Sie haben die M\u00f6glichkeit, uns \u00fcber unser Kontaktformular zu kontaktieren. Um Ihre Anfrage zu bearbeiten, erheben und speichern wir Ihre pers\u00f6nlichen Daten, um Ihre Anfrage zu beantworten. Diese Informationen werden nur an unsere Verkaufsabteilung weitergeleitet.<\/p>\n<h3>Cookies<\/h3>\n<p>Wir verwenden Cookies f\u00fcr den reibungslosen Betrieb unserer Website und auch, um anonym das Publikum unserer Website zu verfolgen.<\/p>\n<p>F\u00fcr weitere Informationen lesen Sie bitte unsere <a href=\"https:\/\/www.residence-capriona.com\/de\/cookie-richtlinie\/\">Cookie-Richtlinie<\/a>.<\/p>\n<h3>Von anderen Seiten eingebettete Inhalte<\/h3>\n<p>Die Artikel auf dieser Website k\u00f6nnen eingebettete Inhalte enthalten (z. B. Videos, Bilder, Artikel &#8230;). Inhalte, die von anderen Websites eingebunden werden, verhalten sich genauso, als w\u00fcrde der Besucher diese andere Website besuchen.<\/p>\n<p>Diese Websites k\u00f6nnten Daten \u00fcber Sie sammeln, Cookies verwenden, Tracking-Tools von Drittanbietern einbetten und Ihre Interaktionen mit diesen eingebetteten Inhalten verfolgen, wenn Sie ein angemeldetes Konto auf ihrer Website haben.<\/p>\n<h3>Statistiken und Messung des Publikums<\/h3>\n<p>Wir verwenden das Webanalyse-System Google Analytics, um das Verhalten unserer Besucher auf unserer Website zu analysieren und Ihnen die bestm\u00f6gliche Erfahrung zu bieten. Es werden keine pers\u00f6nlichen Daten an Google Analytics weitergegeben.<\/p>\n<h2>Verwendung und Weitergabe Ihrer pers\u00f6nlichen Daten<\/h2>\n<p>Ihre pers\u00f6nlichen Daten werden nur von unserer Verkaufsabteilung verwendet.<\/p>\n<h2>Speicherfristen f\u00fcr Ihre Daten<\/h2>\n<p>Wenn Sie eine Nachricht \u00fcber unser Kontaktformular hinterlassen, werden diese Informationen auf unbestimmte Zeit gespeichert.<\/p>\n<p>Ihre pers\u00f6nlichen Daten im Zusammenhang mit Ihren Buchungen sowie Ihre Buchungsinformationen werden auf unbestimmte Zeit aufbewahrt.<\/p>\n<h2>Die Rechte, die Sie \u00fcber Ihre Daten haben<\/h2>\n<p>Wenn Sie ein Konto haben oder Kommentare auf der Website hinterlassen haben, k\u00f6nnen Sie eine Datei anfordern, die alle personenbezogenen Daten enth\u00e4lt, die wir \u00fcber Sie haben, einschlie\u00dflich der Daten, die Sie uns zur Verf\u00fcgung gestellt haben. Sie k\u00f6nnen auch die L\u00f6schung Ihrer personenbezogenen Daten verlangen. Dies gilt nicht f\u00fcr Daten, die f\u00fcr administrative, rechtliche oder Sicherheitszwecke gespeichert werden.<\/p>\n<h2>\u00dcbermittlung Ihrer pers\u00f6nlichen Daten<\/h2>\n<p>Die Kommentare von Besuchern k\u00f6nnen mithilfe eines automatisierten Dienstes zur Erkennung unerw\u00fcnschter Kommentare \u00fcberpr\u00fcft werden.<\/p>\n<h2>Kontaktinformationen<\/h2>\n<p>Sie k\u00f6nnen uns eine E-Mail an <a href=\"mailto:residencecapriona@gmx.com\" rel=\"nofollow\">RESIDENCECAPRIONA@GMX.COM<\/a> schicken.<\/p>\n<h2>Zus\u00e4tzliche Informationen<\/h2>\n<h3>Wie wir Ihre Daten sch\u00fctzen<\/h3>\n<p>Die Website ist ausschlie\u00dflich \u00fcber das sichere HTTPS-Protokoll zug\u00e4nglich, d. h. es werden keine Daten \u00fcber das Netzwerk \u00fcbertragen, die nicht durch ein SSL-Zertifikat verschl\u00fcsselt sind.<\/p>\n<p>Die Website wird t\u00e4glich gesichert. Die Sicherungen werden auf einem Server gespeichert, der nicht \u00fcber das Internet zug\u00e4nglich ist, und sind ebenfalls verschl\u00fcsselt.<\/p>\n<p>Was Ihre Bankdaten betrifft, so sind diese zu keinem Zeitpunkt auf unserem Server sichtbar oder gespeichert, nur der Bankanbieter (Banque Populaire &#8211; SystemPay) verf\u00fcgt \u00fcber Ihre Bankdaten und dieser Anbieter garantiert, dass seine Server den geltenden PCI-DSS-Standards entsprechen.  <\/p>\n<h3>Automatisiertes Marketing und\/oder Profiling, das mithilfe personenbezogener Daten durchgef\u00fchrt wird<\/h3>\n<p>Wir f\u00fchren keine Marketingaktionen durch. Wir f\u00fchren kein Profiling durch, das Ihre individuellen Daten einschlie\u00dft.<\/p>\n\t\t\t\t\t\t\t\t<\/div>\n\t\t\t\t<\/div>\n\t\t\t\t\t<\/div>\n\t\t<\/div>\n\t\t\t\t\t<\/div>\n\t\t<\/section>\n\t\t\t\t<\/div>\n\t\t","protected":false},"excerpt":{"rendered":"<p>R\u00e9sidence CAPRIONA Verwendung der gesammelten pers\u00f6nlichen Daten Kontaktformulare Sie haben die M\u00f6glichkeit, uns \u00fcber unser Kontaktformular zu kontaktieren. Um Ihre Anfrage zu bearbeiten, erheben und speichern wir Ihre pers\u00f6nlichen Daten, um Ihre Anfrage zu beantworten. Diese Informationen werden nur an unsere Verkaufsabteilung weitergeleitet. Cookies Wir verwenden Cookies f\u00fcr den reibungslosen Betrieb unserer Website und auch, [&hellip;]<\/p>\n","protected":false},"author":2,"featured_media":2697,"parent":0,"menu_order":7,"comment_status":"closed","ping_status":"closed","template":"","meta":{"footnotes":""},"class_list":["post-3331","page","type-page","status-publish","has-post-thumbnail","hentry"],"_links":{"self":[{"href":"https:\/\/www.residence-capriona.com\/de\/wp-json\/wp\/v2\/pages\/3331","targetHints":{"allow":["GET"]}}],"collection":[{"href":"https:\/\/www.residence-capriona.com\/de\/wp-json\/wp\/v2\/pages"}],"about":[{"href":"https:\/\/www.residence-capriona.com\/de\/wp-json\/wp\/v2\/types\/page"}],"author":[{"embeddable":true,"href":"https:\/\/www.residence-capriona.com\/de\/wp-json\/wp\/v2\/users\/2"}],"replies":[{"embeddable":true,"href":"https:\/\/www.residence-capriona.com\/de\/wp-json\/wp\/v2\/comments?post=3331"}],"version-history":[{"count":0,"href":"https:\/\/www.residence-capriona.com\/de\/wp-json\/wp\/v2\/pages\/3331\/revisions"}],"wp:featuredmedia":[{"embeddable":true,"href":"https:\/\/www.residence-capriona.com\/de\/wp-json\/wp\/v2\/media\/2697"}],"wp:attachment":[{"href":"https:\/\/www.residence-capriona.com\/de\/wp-json\/wp\/v2\/media?parent=3331"}],"curies":[{"name":"wp","href":"https:\/\/api.w.org\/{rel}","templated":true}]}}